{"id":3211,"date":"2021-12-30T20:34:57","date_gmt":"2021-12-30T20:34:57","guid":{"rendered":"https:\/\/www.buonaliving.com\/?page_id=3211"},"modified":"2024-04-03T11:57:08","modified_gmt":"2024-04-03T11:57:08","slug":"reservez-un-nettoyage-apres-construction-et-renovation","status":"publish","type":"page","link":"https:\/\/www.buonaliving.com\/fr\/services-residentiels\/reservez-un-nettoyage-apres-construction-et-renovation\/","title":{"rendered":"R\u00e9servez un nettoyage apr\u00e8s construction et r\u00e9novation"},"content":{"rendered":"\n<div id='miocommerce-integration'><\/div> \n <script> \n (function(p,l,a,t,f,o,r) { p['miocommerce-integration']=f;p[f]= function() {(p[f].q=p[f].q||[]).push(arguments)},p[f].l=1*new Date(); o=l.createElement(a),r=l.getElementsByTagName(a)[0];o.async=1;o.src=t+'?t='+1*new Date();r.parentNode.insertBefore(o,r) })(window,document,'script','\/\/int.miocommerce.com\/int\/platform.boot.min.js','miocommerce'); miocommerce('miocommerce','8c8ee01e-2513-4282-95cd-523294618530','booking','buonaliving-fr','fr','56166732-0957-4250-8d81-1eb69d8b06ad'); \n <\/script> \n","protected":false},"excerpt":{"rendered":"","protected":false},"author":5,"featured_media":2686,"parent":2857,"menu_order":0,"comment_status":"closed","ping_status":"closed","template":"booking-page.php","meta":{"_uag_custom_page_level_css":"","footnotes":""},"class_list":["post-3211","page","type-page","status-publish","has-post-thumbnail","hentry"],"yoast_head":"<!-- This site is optimized with the Yoast SEO plugin v27.5 - https:\/\/yoast.com\/product\/yoast-seo-wordpress\/ -->\n<title>R\u00e9servez un nettoyage apr\u00e8s construction et r\u00e9novation - Buona Living<\/title>\n<meta name=\"robots\" content=\"index, follow, max-snippet:-1, max-image-preview:large, max-video-preview:-1\" \/>\n<link rel=\"canonical\" href=\"https:\/\/www.buonaliving.com\/fr\/services-residentiels\/reservez-un-nettoyage-apres-construction-et-renovation\/\" \/>\n<meta property=\"og:locale\" content=\"fr_FR\" \/>\n<meta property=\"og:type\" content=\"article\" \/>\n<meta property=\"og:title\" content=\"R\u00e9servez un nettoyage apr\u00e8s construction et r\u00e9novation - Buona Living\" \/>\n<meta property=\"og:url\" content=\"https:\/\/www.buonaliving.com\/fr\/services-residentiels\/reservez-un-nettoyage-apres-construction-et-renovation\/\" \/>\n<meta property=\"og:site_name\" content=\"Buona Living\" \/>\n<meta property=\"article:publisher\" content=\"https:\/\/www.facebook.com\/buonaliving\" \/>\n<meta property=\"article:modified_time\" content=\"2024-04-03T11:57:08+00:00\" \/>\n<meta property=\"og:image\" content=\"https:\/\/www.buonaliving.com\/wp-content\/uploads\/2020\/05\/Construction-Cleaning-1-1-1.jpg\" \/>\n\t<meta property=\"og:image:width\" content=\"870\" \/>\n\t<meta property=\"og:image:height\" content=\"500\" \/>\n\t<meta property=\"og:image:type\" content=\"image\/jpeg\" \/>\n<meta name=\"twitter:card\" content=\"summary_large_image\" \/>\n<meta name=\"twitter:site\" content=\"@BuonaLiving\" \/>\n<script type=\"application\/ld+json\" class=\"yoast-schema-graph\">{\"@context\":\"https:\\\/\\\/schema.org\",\"@graph\":[{\"@type\":\"WebPage\",\"@id\":\"https:\\\/\\\/www.buonaliving.com\\\/fr\\\/services-residentiels\\\/reservez-un-nettoyage-apres-construction-et-renovation\\\/\",\"url\":\"https:\\\/\\\/www.buonaliving.com\\\/fr\\\/services-residentiels\\\/reservez-un-nettoyage-apres-construction-et-renovation\\\/\",\"name\":\"R\u00e9servez un nettoyage apr\u00e8s construction et r\u00e9novation - Buona Living\",\"isPartOf\":{\"@id\":\"https:\\\/\\\/www.buonaliving.com\\\/#website\"},\"primaryImageOfPage\":{\"@id\":\"https:\\\/\\\/www.buonaliving.com\\\/fr\\\/services-residentiels\\\/reservez-un-nettoyage-apres-construction-et-renovation\\\/#primaryimage\"},\"image\":{\"@id\":\"https:\\\/\\\/www.buonaliving.com\\\/fr\\\/services-residentiels\\\/reservez-un-nettoyage-apres-construction-et-renovation\\\/#primaryimage\"},\"thumbnailUrl\":\"https:\\\/\\\/www.buonaliving.com\\\/wp-content\\\/uploads\\\/2020\\\/05\\\/Construction-Cleaning-1-1-1.jpg\",\"datePublished\":\"2021-12-30T20:34:57+00:00\",\"dateModified\":\"2024-04-03T11:57:08+00:00\",\"breadcrumb\":{\"@id\":\"https:\\\/\\\/www.buonaliving.com\\\/fr\\\/services-residentiels\\\/reservez-un-nettoyage-apres-construction-et-renovation\\\/#breadcrumb\"},\"inLanguage\":\"fr-FR\",\"potentialAction\":[{\"@type\":\"ReadAction\",\"target\":[\"https:\\\/\\\/www.buonaliving.com\\\/fr\\\/services-residentiels\\\/reservez-un-nettoyage-apres-construction-et-renovation\\\/\"]}]},{\"@type\":\"ImageObject\",\"inLanguage\":\"fr-FR\",\"@id\":\"https:\\\/\\\/www.buonaliving.com\\\/fr\\\/services-residentiels\\\/reservez-un-nettoyage-apres-construction-et-renovation\\\/#primaryimage\",\"url\":\"https:\\\/\\\/www.buonaliving.com\\\/wp-content\\\/uploads\\\/2020\\\/05\\\/Construction-Cleaning-1-1-1.jpg\",\"contentUrl\":\"https:\\\/\\\/www.buonaliving.com\\\/wp-content\\\/uploads\\\/2020\\\/05\\\/Construction-Cleaning-1-1-1.jpg\",\"width\":870,\"height\":500},{\"@type\":\"BreadcrumbList\",\"@id\":\"https:\\\/\\\/www.buonaliving.com\\\/fr\\\/services-residentiels\\\/reservez-un-nettoyage-apres-construction-et-renovation\\\/#breadcrumb\",\"itemListElement\":[{\"@type\":\"ListItem\",\"position\":1,\"name\":\"Home\",\"item\":\"https:\\\/\\\/www.buonaliving.com\\\/fr\\\/\"},{\"@type\":\"ListItem\",\"position\":2,\"name\":\"Services r\u00e9sidentiels\",\"item\":\"https:\\\/\\\/www.buonaliving.com\\\/fr\\\/services-residentiels\\\/\"},{\"@type\":\"ListItem\",\"position\":3,\"name\":\"R\u00e9servez un nettoyage apr\u00e8s construction et r\u00e9novation\"}]},{\"@type\":\"WebSite\",\"@id\":\"https:\\\/\\\/www.buonaliving.com\\\/#website\",\"url\":\"https:\\\/\\\/www.buonaliving.com\\\/\",\"name\":\"Buona Living\",\"description\":\"Free up time for what matters most!\",\"publisher\":{\"@id\":\"https:\\\/\\\/www.buonaliving.com\\\/#organization\"},\"potentialAction\":[{\"@type\":\"SearchAction\",\"target\":{\"@type\":\"EntryPoint\",\"urlTemplate\":\"https:\\\/\\\/www.buonaliving.com\\\/?s={search_term_string}\"},\"query-input\":{\"@type\":\"PropertyValueSpecification\",\"valueRequired\":true,\"valueName\":\"search_term_string\"}}],\"inLanguage\":\"fr-FR\"},{\"@type\":\"Organization\",\"@id\":\"https:\\\/\\\/www.buonaliving.com\\\/#organization\",\"name\":\"Buona Living\",\"url\":\"https:\\\/\\\/www.buonaliving.com\\\/\",\"logo\":{\"@type\":\"ImageObject\",\"inLanguage\":\"fr-FR\",\"@id\":\"https:\\\/\\\/www.buonaliving.com\\\/#\\\/schema\\\/logo\\\/image\\\/\",\"url\":\"https:\\\/\\\/www.buonaliving.com\\\/wp-content\\\/uploads\\\/2021\\\/10\\\/logo.png\",\"contentUrl\":\"https:\\\/\\\/www.buonaliving.com\\\/wp-content\\\/uploads\\\/2021\\\/10\\\/logo.png\",\"width\":64,\"height\":64,\"caption\":\"Buona Living\"},\"image\":{\"@id\":\"https:\\\/\\\/www.buonaliving.com\\\/#\\\/schema\\\/logo\\\/image\\\/\"},\"sameAs\":[\"https:\\\/\\\/www.facebook.com\\\/buonaliving\",\"https:\\\/\\\/x.com\\\/BuonaLiving\",\"https:\\\/\\\/www.linkedin.com\\\/company\\\/buonaliving-inc\"]}]}<\/script>\n<!-- \/ Yoast SEO plugin. -->","yoast_head_json":{"title":"R\u00e9servez un nettoyage apr\u00e8s construction et r\u00e9novation - Buona Living","robots":{"index":"index","follow":"follow","max-snippet":"max-snippet:-1","max-image-preview":"max-image-preview:large","max-video-preview":"max-video-preview:-1"},"canonical":"https:\/\/www.buonaliving.com\/fr\/services-residentiels\/reservez-un-nettoyage-apres-construction-et-renovation\/","og_locale":"fr_FR","og_type":"article","og_title":"R\u00e9servez un nettoyage apr\u00e8s construction et r\u00e9novation - Buona Living","og_url":"https:\/\/www.buonaliving.com\/fr\/services-residentiels\/reservez-un-nettoyage-apres-construction-et-renovation\/","og_site_name":"Buona Living","article_publisher":"https:\/\/www.facebook.com\/buonaliving","article_modified_time":"2024-04-03T11:57:08+00:00","og_image":[{"width":870,"height":500,"url":"https:\/\/www.buonaliving.com\/wp-content\/uploads\/2020\/05\/Construction-Cleaning-1-1-1.jpg","type":"image\/jpeg"}],"twitter_card":"summary_large_image","twitter_site":"@BuonaLiving","schema":{"@context":"https:\/\/schema.org","@graph":[{"@type":"WebPage","@id":"https:\/\/www.buonaliving.com\/fr\/services-residentiels\/reservez-un-nettoyage-apres-construction-et-renovation\/","url":"https:\/\/www.buonaliving.com\/fr\/services-residentiels\/reservez-un-nettoyage-apres-construction-et-renovation\/","name":"R\u00e9servez un nettoyage apr\u00e8s construction et r\u00e9novation - Buona Living","isPartOf":{"@id":"https:\/\/www.buonaliving.com\/#website"},"primaryImageOfPage":{"@id":"https:\/\/www.buonaliving.com\/fr\/services-residentiels\/reservez-un-nettoyage-apres-construction-et-renovation\/#primaryimage"},"image":{"@id":"https:\/\/www.buonaliving.com\/fr\/services-residentiels\/reservez-un-nettoyage-apres-construction-et-renovation\/#primaryimage"},"thumbnailUrl":"https:\/\/www.buonaliving.com\/wp-content\/uploads\/2020\/05\/Construction-Cleaning-1-1-1.jpg","datePublished":"2021-12-30T20:34:57+00:00","dateModified":"2024-04-03T11:57:08+00:00","breadcrumb":{"@id":"https:\/\/www.buonaliving.com\/fr\/services-residentiels\/reservez-un-nettoyage-apres-construction-et-renovation\/#breadcrumb"},"inLanguage":"fr-FR","potentialAction":[{"@type":"ReadAction","target":["https:\/\/www.buonaliving.com\/fr\/services-residentiels\/reservez-un-nettoyage-apres-construction-et-renovation\/"]}]},{"@type":"ImageObject","inLanguage":"fr-FR","@id":"https:\/\/www.buonaliving.com\/fr\/services-residentiels\/reservez-un-nettoyage-apres-construction-et-renovation\/#primaryimage","url":"https:\/\/www.buonaliving.com\/wp-content\/uploads\/2020\/05\/Construction-Cleaning-1-1-1.jpg","contentUrl":"https:\/\/www.buonaliving.com\/wp-content\/uploads\/2020\/05\/Construction-Cleaning-1-1-1.jpg","width":870,"height":500},{"@type":"BreadcrumbList","@id":"https:\/\/www.buonaliving.com\/fr\/services-residentiels\/reservez-un-nettoyage-apres-construction-et-renovation\/#breadcrumb","itemListElement":[{"@type":"ListItem","position":1,"name":"Home","item":"https:\/\/www.buonaliving.com\/fr\/"},{"@type":"ListItem","position":2,"name":"Services r\u00e9sidentiels","item":"https:\/\/www.buonaliving.com\/fr\/services-residentiels\/"},{"@type":"ListItem","position":3,"name":"R\u00e9servez un nettoyage apr\u00e8s construction et r\u00e9novation"}]},{"@type":"WebSite","@id":"https:\/\/www.buonaliving.com\/#website","url":"https:\/\/www.buonaliving.com\/","name":"Buona Living","description":"Free up time for what matters most!","publisher":{"@id":"https:\/\/www.buonaliving.com\/#organization"},"potentialAction":[{"@type":"SearchAction","target":{"@type":"EntryPoint","urlTemplate":"https:\/\/www.buonaliving.com\/?s={search_term_string}"},"query-input":{"@type":"PropertyValueSpecification","valueRequired":true,"valueName":"search_term_string"}}],"inLanguage":"fr-FR"},{"@type":"Organization","@id":"https:\/\/www.buonaliving.com\/#organization","name":"Buona Living","url":"https:\/\/www.buonaliving.com\/","logo":{"@type":"ImageObject","inLanguage":"fr-FR","@id":"https:\/\/www.buonaliving.com\/#\/schema\/logo\/image\/","url":"https:\/\/www.buonaliving.com\/wp-content\/uploads\/2021\/10\/logo.png","contentUrl":"https:\/\/www.buonaliving.com\/wp-content\/uploads\/2021\/10\/logo.png","width":64,"height":64,"caption":"Buona Living"},"image":{"@id":"https:\/\/www.buonaliving.com\/#\/schema\/logo\/image\/"},"sameAs":["https:\/\/www.facebook.com\/buonaliving","https:\/\/x.com\/BuonaLiving","https:\/\/www.linkedin.com\/company\/buonaliving-inc"]}]}},"uagb_featured_image_src":{"full":["https:\/\/www.buonaliving.com\/wp-content\/uploads\/2020\/05\/Construction-Cleaning-1-1-1.jpg",870,500,false],"thumbnail":["https:\/\/www.buonaliving.com\/wp-content\/uploads\/2020\/05\/Construction-Cleaning-1-1-1-150x150.jpg",150,150,true],"medium":["https:\/\/www.buonaliving.com\/wp-content\/uploads\/2020\/05\/Construction-Cleaning-1-1-1-300x172.jpg",300,172,true],"medium_large":["https:\/\/www.buonaliving.com\/wp-content\/uploads\/2020\/05\/Construction-Cleaning-1-1-1-768x441.jpg",768,441,true],"large":["https:\/\/www.buonaliving.com\/wp-content\/uploads\/2020\/05\/Construction-Cleaning-1-1-1.jpg",870,500,false],"1536x1536":["https:\/\/www.buonaliving.com\/wp-content\/uploads\/2020\/05\/Construction-Cleaning-1-1-1.jpg",870,500,false],"2048x2048":["https:\/\/www.buonaliving.com\/wp-content\/uploads\/2020\/05\/Construction-Cleaning-1-1-1.jpg",870,500,false]},"uagb_author_info":{"display_name":"podiumio","author_link":"https:\/\/www.buonaliving.com\/fr\/author\/podiumio\/"},"uagb_comment_info":0,"uagb_excerpt":null,"acf":[],"_links":{"self":[{"href":"https:\/\/www.buonaliving.com\/fr\/wp-json\/wp\/v2\/pages\/3211","targetHints":{"allow":["GET"]}}],"collection":[{"href":"https:\/\/www.buonaliving.com\/fr\/wp-json\/wp\/v2\/pages"}],"about":[{"href":"https:\/\/www.buonaliving.com\/fr\/wp-json\/wp\/v2\/types\/page"}],"author":[{"embeddable":true,"href":"https:\/\/www.buonaliving.com\/fr\/wp-json\/wp\/v2\/users\/5"}],"replies":[{"embeddable":true,"href":"https:\/\/www.buonaliving.com\/fr\/wp-json\/wp\/v2\/comments?post=3211"}],"version-history":[{"count":5,"href":"https:\/\/www.buonaliving.com\/fr\/wp-json\/wp\/v2\/pages\/3211\/revisions"}],"predecessor-version":[{"id":3448,"href":"https:\/\/www.buonaliving.com\/fr\/wp-json\/wp\/v2\/pages\/3211\/revisions\/3448"}],"up":[{"embeddable":true,"href":"https:\/\/www.buonaliving.com\/fr\/wp-json\/wp\/v2\/pages\/2857"}],"wp:featuredmedia":[{"embeddable":true,"href":"https:\/\/www.buonaliving.com\/fr\/wp-json\/wp\/v2\/media\/2686"}],"wp:attachment":[{"href":"https:\/\/www.buonaliving.com\/fr\/wp-json\/wp\/v2\/media?parent=3211"}],"curies":[{"name":"wp","href":"https:\/\/api.w.org\/{rel}","templated":true}]}}