{"id":2892,"date":"2020-05-21T03:21:40","date_gmt":"2020-05-21T03:21:40","guid":{"rendered":"https:\/\/www.buonaliving.com\/about-us\/"},"modified":"2021-10-05T20:02:42","modified_gmt":"2021-10-05T20:02:42","slug":"a-propos","status":"publish","type":"page","link":"https:\/\/www.buonaliving.com\/fr\/a-propos\/","title":{"rendered":"\u00c0 Propos"},"content":{"rendered":"\n<div style=\"height:50px\" aria-hidden=\"true\" class=\"wp-block-spacer\"><\/div>\n\n\n\n<div class=\"wp-block-group w-container\"><div class=\"wp-block-group__inner-container is-layout-flow wp-block-group-is-layout-flow\">\n<div class=\"wp-block-media-text alignwide has-media-on-the-right is-stacked-on-mobile\" style=\"grid-template-columns:auto 26%\"><figure class=\"wp-block-media-text__media\"><img decoding=\"async\" width=\"420\" height=\"420\" src=\"https:\/\/www.buonaliving.com\/wp-content\/uploads\/2021\/10\/about.jpg\" alt=\"\" class=\"wp-image-3021 size-full\" srcset=\"https:\/\/www.buonaliving.com\/wp-content\/uploads\/2021\/10\/about.jpg 420w, https:\/\/www.buonaliving.com\/wp-content\/uploads\/2021\/10\/about-300x300.jpg 300w, https:\/\/www.buonaliving.com\/wp-content\/uploads\/2021\/10\/about-150x150.jpg 150w\" sizes=\"(max-width: 420px) 100vw, 420px\" \/><\/figure><div class=\"wp-block-media-text__content\">\n<h2 class=\"wp-block-heading\">Votre fournisseur de services \u00e0 domicile sur demande digne de confiance.<\/h2>\n\n\n\n<p>&nbsp;Notre objectif est de vous redonner du temps pour ce qui est le plus important \u2013 VOUS!<\/p>\n\n\n\n<p>BuonaLiving est consacr\u00e9 \u00e0 fournir des services \u00e0 domicile (r\u00e9sidentiel) fiables, s\u00fbrs, s\u00e9curitaires et professionnels \u00e0 nos clients.<\/p>\n\n\n\n<p>Le tout avantageusement situ\u00e9 \u00e0 un m\u00eame endroit!<\/p>\n\n\n\n<p>Nous avons des experts locaux exp\u00e9riment\u00e9s et r\u00e9put\u00e9s pour tous vos besoins domiciliaires et locatifs.<\/p>\n<\/div><\/div>\n<\/div><\/div>\n\n\n\n<div class=\"wp-block-group\"><div class=\"wp-block-group__inner-container is-layout-flow wp-block-group-is-layout-flow\">\n<div style=\"height:30px\" aria-hidden=\"true\" class=\"wp-block-spacer\"><\/div>\n\n\n\n<h2 class=\"has-text-align-center wp-block-heading\">Avec de nombreuses ann\u00e9es d&rsquo;exp\u00e9rience, soyez assur\u00e9 que vous \u00eates entre de bonnes mains<\/h2>\n\n\n\n<div style=\"height:30px\" aria-hidden=\"true\" class=\"wp-block-spacer\"><\/div>\n\n\n\n<div class=\"wp-block-columns is-layout-flex wp-container-core-columns-is-layout-9d6595d7 wp-block-columns-is-layout-flex\">\n<div class=\"wp-block-column is-layout-flow wp-block-column-is-layout-flow\">\n<h3 class=\"wp-block-heading\">Notre vision<\/h3>\n\n\n\n<p>\u00catre \u00e0 la hauteur de l&rsquo;industrie d&rsquo;entretien m\u00e9nager et commercial en offrant le plus haut niveau de service \u00e0 la client\u00e8le et de qualit\u00e9 de travail. Notre objectif est de satisfaire chacun de nos clients en r\u00e9pondant \u00e0 leurs besoins sp\u00e9cifiques de nettoyage gr\u00e2ce \u00e0 nos standards de travail les plus \u00e9lev\u00e9s.<\/p>\n<\/div>\n\n\n\n<div class=\"wp-block-column is-layout-flow wp-block-column-is-layout-flow\">\n<h3 class=\"wp-block-heading\">Notre mission<\/h3>\n\n\n\n<p>Fournir des services de nettoyage de premi\u00e8re classe gr\u00e2ce \u00e0 un niveau de professionnalisme in\u00e9gal\u00e9, soutenu par une approche flexible en ligne et hors ligne afin que vous puissiez consacrer du temps \u00e0 ce qui compte le plus : VOUS!<\/p>\n<\/div>\n\n\n\n<div class=\"wp-block-column is-layout-flow wp-block-column-is-layout-flow\">\n<h3 class=\"wp-block-heading\">Nos valeurs<\/h3>\n\n\n\n<p>Les gens : Notre m\u00e9tier, notre personnel.<\/p>\n\n\n\n<p>La fiert\u00e9 : Nous sommes fiers de ce que nous faisons<\/p>\n\n\n\n<p>Fiabilit\u00e9 : Nous tenons nos promesses<\/p>\n\n\n\n<p>L&rsquo;\u00e9quipe : Nous donnons le meilleur de nous-m\u00eames<\/p>\n\n\n\n<p>La qualit\u00e9 : L&rsquo;\u00e9talon-or<\/p>\n<\/div>\n<\/div>\n<\/div><\/div>\n\n\n    <div class=\"l-content-section  arrive-on-load\" style=\"opacity:0;\">\n    <div class=\"choose-us-container w-container is-light\"  style=\"padding-top:30px;padding-bottom:30px;\">\n        <div class=\"z-card__left is-light  top-bottom\">\n            <h3>Notre garantie<\/h3>\n                    <\/div>\n        <div class=\"z-card__right top-bottom\">\n            <p>Nous offrons une garantie de satisfaction \u00e0 100 %. Notre entreprise a \u00e9t\u00e9 construite sur la r\u00e9putation de la Communaut\u00e9 et cela compte \u00e9norm\u00e9ment pour nous.<\/p>\n        <\/div>\n    <\/div>\n<\/div>\n","protected":false},"excerpt":{"rendered":"<p>Votre fournisseur de services \u00e0 domicile sur demande digne de confiance. &nbsp;Notre objectif est de vous redonner du temps pour [&hellip;]<\/p>\n","protected":false},"author":5,"featured_media":3019,"parent":0,"menu_order":0,"comment_status":"closed","ping_status":"closed","template":"","meta":{"_uag_custom_page_level_css":"","footnotes":""},"class_list":["post-2892","page","type-page","status-publish","has-post-thumbnail","hentry"],"yoast_head":"<!-- This site is optimized with the Yoast SEO plugin v27.5 - https:\/\/yoast.com\/product\/yoast-seo-wordpress\/ -->\n<title>\u00c0 Propos - Buona Living<\/title>\n<meta name=\"description\" content=\"Votre fournisseur de services \u00e0 domicile sur demande digne de confiance. &nbsp;Notre objectif est de vous redonner du temps pour ce qui est le plus\" \/>\n<meta name=\"robots\" content=\"index, follow, max-snippet:-1, max-image-preview:large, max-video-preview:-1\" \/>\n<link rel=\"canonical\" href=\"https:\/\/www.buonaliving.com\/fr\/a-propos\/\" \/>\n<meta property=\"og:locale\" content=\"fr_FR\" \/>\n<meta property=\"og:type\" content=\"article\" \/>\n<meta property=\"og:title\" content=\"\u00c0 Propos - Buona Living\" \/>\n<meta property=\"og:description\" content=\"Votre fournisseur de services \u00e0 domicile sur demande digne de confiance. &nbsp;Notre objectif est de vous redonner du temps pour ce qui est le plus\" \/>\n<meta property=\"og:url\" content=\"https:\/\/www.buonaliving.com\/fr\/a-propos\/\" \/>\n<meta property=\"og:site_name\" content=\"Buona Living\" \/>\n<meta property=\"article:publisher\" content=\"https:\/\/www.facebook.com\/buonaliving\" \/>\n<meta property=\"article:modified_time\" content=\"2021-10-05T20:02:42+00:00\" \/>\n<meta property=\"og:image\" content=\"https:\/\/www.buonaliving.com\/wp-content\/uploads\/2021\/10\/header.jpg\" \/>\n\t<meta property=\"og:image:width\" content=\"1920\" \/>\n\t<meta property=\"og:image:height\" content=\"420\" \/>\n\t<meta property=\"og:image:type\" content=\"image\/jpeg\" \/>\n<meta name=\"twitter:card\" content=\"summary_large_image\" \/>\n<meta name=\"twitter:site\" content=\"@BuonaLiving\" \/>\n<meta name=\"twitter:label1\" content=\"Dur\u00e9e de lecture estim\u00e9e\" \/>\n\t<meta name=\"twitter:data1\" content=\"2 minutes\" \/>\n<script type=\"application\/ld+json\" class=\"yoast-schema-graph\">{\"@context\":\"https:\\\/\\\/schema.org\",\"@graph\":[{\"@type\":\"WebPage\",\"@id\":\"https:\\\/\\\/www.buonaliving.com\\\/fr\\\/a-propos\\\/\",\"url\":\"https:\\\/\\\/www.buonaliving.com\\\/fr\\\/a-propos\\\/\",\"name\":\"\u00c0 Propos - Buona Living\",\"isPartOf\":{\"@id\":\"https:\\\/\\\/www.buonaliving.com\\\/#website\"},\"primaryImageOfPage\":{\"@id\":\"https:\\\/\\\/www.buonaliving.com\\\/fr\\\/a-propos\\\/#primaryimage\"},\"image\":{\"@id\":\"https:\\\/\\\/www.buonaliving.com\\\/fr\\\/a-propos\\\/#primaryimage\"},\"thumbnailUrl\":\"https:\\\/\\\/www.buonaliving.com\\\/wp-content\\\/uploads\\\/2021\\\/10\\\/header.jpg\",\"datePublished\":\"2020-05-21T03:21:40+00:00\",\"dateModified\":\"2021-10-05T20:02:42+00:00\",\"description\":\"Votre fournisseur de services \u00e0 domicile sur demande digne de confiance. &nbsp;Notre objectif est de vous redonner du temps pour ce qui est le plus\",\"breadcrumb\":{\"@id\":\"https:\\\/\\\/www.buonaliving.com\\\/fr\\\/a-propos\\\/#breadcrumb\"},\"inLanguage\":\"fr-FR\",\"potentialAction\":[{\"@type\":\"ReadAction\",\"target\":[\"https:\\\/\\\/www.buonaliving.com\\\/fr\\\/a-propos\\\/\"]}]},{\"@type\":\"ImageObject\",\"inLanguage\":\"fr-FR\",\"@id\":\"https:\\\/\\\/www.buonaliving.com\\\/fr\\\/a-propos\\\/#primaryimage\",\"url\":\"https:\\\/\\\/www.buonaliving.com\\\/wp-content\\\/uploads\\\/2021\\\/10\\\/header.jpg\",\"contentUrl\":\"https:\\\/\\\/www.buonaliving.com\\\/wp-content\\\/uploads\\\/2021\\\/10\\\/header.jpg\",\"width\":1920,\"height\":420},{\"@type\":\"BreadcrumbList\",\"@id\":\"https:\\\/\\\/www.buonaliving.com\\\/fr\\\/a-propos\\\/#breadcrumb\",\"itemListElement\":[{\"@type\":\"ListItem\",\"position\":1,\"name\":\"Home\",\"item\":\"https:\\\/\\\/www.buonaliving.com\\\/fr\\\/\"},{\"@type\":\"ListItem\",\"position\":2,\"name\":\"\u00c0 Propos\"}]},{\"@type\":\"WebSite\",\"@id\":\"https:\\\/\\\/www.buonaliving.com\\\/#website\",\"url\":\"https:\\\/\\\/www.buonaliving.com\\\/\",\"name\":\"Buona Living\",\"description\":\"Free up time for what matters most!\",\"publisher\":{\"@id\":\"https:\\\/\\\/www.buonaliving.com\\\/#organization\"},\"potentialAction\":[{\"@type\":\"SearchAction\",\"target\":{\"@type\":\"EntryPoint\",\"urlTemplate\":\"https:\\\/\\\/www.buonaliving.com\\\/?s={search_term_string}\"},\"query-input\":{\"@type\":\"PropertyValueSpecification\",\"valueRequired\":true,\"valueName\":\"search_term_string\"}}],\"inLanguage\":\"fr-FR\"},{\"@type\":\"Organization\",\"@id\":\"https:\\\/\\\/www.buonaliving.com\\\/#organization\",\"name\":\"Buona Living\",\"url\":\"https:\\\/\\\/www.buonaliving.com\\\/\",\"logo\":{\"@type\":\"ImageObject\",\"inLanguage\":\"fr-FR\",\"@id\":\"https:\\\/\\\/www.buonaliving.com\\\/#\\\/schema\\\/logo\\\/image\\\/\",\"url\":\"https:\\\/\\\/www.buonaliving.com\\\/wp-content\\\/uploads\\\/2021\\\/10\\\/logo.png\",\"contentUrl\":\"https:\\\/\\\/www.buonaliving.com\\\/wp-content\\\/uploads\\\/2021\\\/10\\\/logo.png\",\"width\":64,\"height\":64,\"caption\":\"Buona Living\"},\"image\":{\"@id\":\"https:\\\/\\\/www.buonaliving.com\\\/#\\\/schema\\\/logo\\\/image\\\/\"},\"sameAs\":[\"https:\\\/\\\/www.facebook.com\\\/buonaliving\",\"https:\\\/\\\/x.com\\\/BuonaLiving\",\"https:\\\/\\\/www.linkedin.com\\\/company\\\/buonaliving-inc\"]}]}<\/script>\n<!-- \/ Yoast SEO plugin. -->","yoast_head_json":{"title":"\u00c0 Propos - Buona Living","description":"Votre fournisseur de services \u00e0 domicile sur demande digne de confiance. &nbsp;Notre objectif est de vous redonner du temps pour ce qui est le plus","robots":{"index":"index","follow":"follow","max-snippet":"max-snippet:-1","max-image-preview":"max-image-preview:large","max-video-preview":"max-video-preview:-1"},"canonical":"https:\/\/www.buonaliving.com\/fr\/a-propos\/","og_locale":"fr_FR","og_type":"article","og_title":"\u00c0 Propos - Buona Living","og_description":"Votre fournisseur de services \u00e0 domicile sur demande digne de confiance. &nbsp;Notre objectif est de vous redonner du temps pour ce qui est le plus","og_url":"https:\/\/www.buonaliving.com\/fr\/a-propos\/","og_site_name":"Buona Living","article_publisher":"https:\/\/www.facebook.com\/buonaliving","article_modified_time":"2021-10-05T20:02:42+00:00","og_image":[{"width":1920,"height":420,"url":"https:\/\/www.buonaliving.com\/wp-content\/uploads\/2021\/10\/header.jpg","type":"image\/jpeg"}],"twitter_card":"summary_large_image","twitter_site":"@BuonaLiving","twitter_misc":{"Dur\u00e9e de lecture estim\u00e9e":"2 minutes"},"schema":{"@context":"https:\/\/schema.org","@graph":[{"@type":"WebPage","@id":"https:\/\/www.buonaliving.com\/fr\/a-propos\/","url":"https:\/\/www.buonaliving.com\/fr\/a-propos\/","name":"\u00c0 Propos - Buona Living","isPartOf":{"@id":"https:\/\/www.buonaliving.com\/#website"},"primaryImageOfPage":{"@id":"https:\/\/www.buonaliving.com\/fr\/a-propos\/#primaryimage"},"image":{"@id":"https:\/\/www.buonaliving.com\/fr\/a-propos\/#primaryimage"},"thumbnailUrl":"https:\/\/www.buonaliving.com\/wp-content\/uploads\/2021\/10\/header.jpg","datePublished":"2020-05-21T03:21:40+00:00","dateModified":"2021-10-05T20:02:42+00:00","description":"Votre fournisseur de services \u00e0 domicile sur demande digne de confiance. &nbsp;Notre objectif est de vous redonner du temps pour ce qui est le plus","breadcrumb":{"@id":"https:\/\/www.buonaliving.com\/fr\/a-propos\/#breadcrumb"},"inLanguage":"fr-FR","potentialAction":[{"@type":"ReadAction","target":["https:\/\/www.buonaliving.com\/fr\/a-propos\/"]}]},{"@type":"ImageObject","inLanguage":"fr-FR","@id":"https:\/\/www.buonaliving.com\/fr\/a-propos\/#primaryimage","url":"https:\/\/www.buonaliving.com\/wp-content\/uploads\/2021\/10\/header.jpg","contentUrl":"https:\/\/www.buonaliving.com\/wp-content\/uploads\/2021\/10\/header.jpg","width":1920,"height":420},{"@type":"BreadcrumbList","@id":"https:\/\/www.buonaliving.com\/fr\/a-propos\/#breadcrumb","itemListElement":[{"@type":"ListItem","position":1,"name":"Home","item":"https:\/\/www.buonaliving.com\/fr\/"},{"@type":"ListItem","position":2,"name":"\u00c0 Propos"}]},{"@type":"WebSite","@id":"https:\/\/www.buonaliving.com\/#website","url":"https:\/\/www.buonaliving.com\/","name":"Buona Living","description":"Free up time for what matters most!","publisher":{"@id":"https:\/\/www.buonaliving.com\/#organization"},"potentialAction":[{"@type":"SearchAction","target":{"@type":"EntryPoint","urlTemplate":"https:\/\/www.buonaliving.com\/?s={search_term_string}"},"query-input":{"@type":"PropertyValueSpecification","valueRequired":true,"valueName":"search_term_string"}}],"inLanguage":"fr-FR"},{"@type":"Organization","@id":"https:\/\/www.buonaliving.com\/#organization","name":"Buona Living","url":"https:\/\/www.buonaliving.com\/","logo":{"@type":"ImageObject","inLanguage":"fr-FR","@id":"https:\/\/www.buonaliving.com\/#\/schema\/logo\/image\/","url":"https:\/\/www.buonaliving.com\/wp-content\/uploads\/2021\/10\/logo.png","contentUrl":"https:\/\/www.buonaliving.com\/wp-content\/uploads\/2021\/10\/logo.png","width":64,"height":64,"caption":"Buona Living"},"image":{"@id":"https:\/\/www.buonaliving.com\/#\/schema\/logo\/image\/"},"sameAs":["https:\/\/www.facebook.com\/buonaliving","https:\/\/x.com\/BuonaLiving","https:\/\/www.linkedin.com\/company\/buonaliving-inc"]}]}},"uagb_featured_image_src":{"full":["https:\/\/www.buonaliving.com\/wp-content\/uploads\/2021\/10\/header.jpg",1920,420,false],"thumbnail":["https:\/\/www.buonaliving.com\/wp-content\/uploads\/2021\/10\/header-150x150.jpg",150,150,true],"medium":["https:\/\/www.buonaliving.com\/wp-content\/uploads\/2021\/10\/header-300x66.jpg",300,66,true],"medium_large":["https:\/\/www.buonaliving.com\/wp-content\/uploads\/2021\/10\/header-768x168.jpg",768,168,true],"large":["https:\/\/www.buonaliving.com\/wp-content\/uploads\/2021\/10\/header-1024x224.jpg",1024,224,true],"1536x1536":["https:\/\/www.buonaliving.com\/wp-content\/uploads\/2021\/10\/header-1536x336.jpg",1536,336,true],"2048x2048":["https:\/\/www.buonaliving.com\/wp-content\/uploads\/2021\/10\/header.jpg",1920,420,false]},"uagb_author_info":{"display_name":"podiumio","author_link":"https:\/\/www.buonaliving.com\/fr\/author\/podiumio\/"},"uagb_comment_info":0,"uagb_excerpt":"Votre fournisseur de services \u00e0 domicile sur demande digne de confiance. &nbsp;Notre objectif est de vous redonner du temps pour [&hellip;]","acf":[],"_links":{"self":[{"href":"https:\/\/www.buonaliving.com\/fr\/wp-json\/wp\/v2\/pages\/2892","targetHints":{"allow":["GET"]}}],"collection":[{"href":"https:\/\/www.buonaliving.com\/fr\/wp-json\/wp\/v2\/pages"}],"about":[{"href":"https:\/\/www.buonaliving.com\/fr\/wp-json\/wp\/v2\/types\/page"}],"author":[{"embeddable":true,"href":"https:\/\/www.buonaliving.com\/fr\/wp-json\/wp\/v2\/users\/5"}],"replies":[{"embeddable":true,"href":"https:\/\/www.buonaliving.com\/fr\/wp-json\/wp\/v2\/comments?post=2892"}],"version-history":[{"count":5,"href":"https:\/\/www.buonaliving.com\/fr\/wp-json\/wp\/v2\/pages\/2892\/revisions"}],"predecessor-version":[{"id":3027,"href":"https:\/\/www.buonaliving.com\/fr\/wp-json\/wp\/v2\/pages\/2892\/revisions\/3027"}],"wp:featuredmedia":[{"embeddable":true,"href":"https:\/\/www.buonaliving.com\/fr\/wp-json\/wp\/v2\/media\/3019"}],"wp:attachment":[{"href":"https:\/\/www.buonaliving.com\/fr\/wp-json\/wp\/v2\/media?parent=2892"}],"curies":[{"name":"wp","href":"https:\/\/api.w.org\/{rel}","templated":true}]}}