{"id":2857,"date":"2020-05-21T03:17:37","date_gmt":"2020-05-21T03:17:37","guid":{"rendered":"https:\/\/www.buonaliving.com\/residential-services\/"},"modified":"2021-10-27T03:16:59","modified_gmt":"2021-10-27T03:16:59","slug":"services-residentiels","status":"publish","type":"page","link":"https:\/\/www.buonaliving.com\/fr\/services-residentiels\/","title":{"rendered":"Services r\u00e9sidentiels"},"content":{"rendered":"\n<div class=\" arrive-on-scroll \">\n    <div class=\"w-container\" style=\"padding-top:30px;padding-bottom:30px;\">\n                \n    <!-- setup query -->\n    \n    <!-- print services -->\n                                <div class=\"service-card-big \" style=\"flex-direction:row\">\n                    <div class=\"service-card-big__img\" style=\"border-top-left-radius: 5px;border-bottom-left-radius: 5px;background-image:url(https:\/\/www.buonaliving.com\/wp-content\/uploads\/2021\/10\/pexels-curtis-adams-5178080-1.jpg);\"><\/div>\n                    <div class=\"service-card-big__content is-light \">\n                        <div class=\"service-tags-container\">\n                            <a href=\"https:\/\/www.buonaliving.com\/fr\/services-residentiels\/reservez-un-entretien-menager\/\" class=\"service-tag\">Prix en temps r\u00e9el<\/a>                        <\/div>\n                        <h2>Entretien m\u00e9nager<\/h2>\n                        <p><p>C\u2019est la premi\u00e8re fois que vous r\u00e9servez un entretien m\u00e9nager ou un nettoyage r\u00e9sidentiel ? Notre service de nettoyage domestique [&hellip;]<\/p>\n<br><\/p>\n                                                    <a href=\"https:\/\/www.buonaliving.com\/fr\/services-residentiels\/reservez-un-entretien-menager\/\" class=\"c-button c-big-service-btn  is-light is--flush-left w-inline-block\">\n                                <div class=\"c-button__txt\">R\u00e9server en ligne<\/div>\n                                <i class=\"far fa-arrow-alt-circle-right c-button__icon\"><\/i>\n                            <\/a>\n                                                <a href=\"https:\/\/www.buonaliving.com\/fr\/services\/entretien-menager\/\" class=\"big-learn-more-link \">Lire plus<\/a>\n                    <\/div>\n                <\/div>\n                                <div class=\"service-card-big \" style=\"flex-direction:row\">\n                    <div class=\"service-card-big__img\" style=\"border-top-left-radius: 5px;border-bottom-left-radius: 5px;background-image:url(https:\/\/www.buonaliving.com\/wp-content\/uploads\/2020\/05\/Move-In-Move-Out-Cleaning-1-1-1.jpg);\"><\/div>\n                    <div class=\"service-card-big__content is-light \">\n                        <div class=\"service-tags-container\">\n                            <a href=\"https:\/\/www.buonaliving.com\/fr\/services-residentiels\/reservez-un-nettoyage-de-demenagement-emmenagement\/\" class=\"service-tag\">Prix en temps r\u00e9el<\/a>                        <\/div>\n                        <h2>Nettoyage de d\u00e9m\u00e9nagement \/ emm\u00e9nagement<\/h2>\n                        <p><p>Un d\u00e9m\u00e9nagement est une p\u00e9riode incroyablement occup\u00e9e et stressante. Nous aimerions donc vous soulager en nettoyant l\u2019un de vos espaces [&hellip;]<\/p>\n<br><\/p>\n                                                    <a href=\"https:\/\/www.buonaliving.com\/fr\/services-residentiels\/reservez-un-nettoyage-de-demenagement-emmenagement\/\" class=\"c-button c-big-service-btn  is-light is--flush-left w-inline-block\">\n                                <div class=\"c-button__txt\">R\u00e9server en ligne<\/div>\n                                <i class=\"far fa-arrow-alt-circle-right c-button__icon\"><\/i>\n                            <\/a>\n                                                <a href=\"https:\/\/www.buonaliving.com\/fr\/services\/nettoyage-de-demenagement-emmenagement\/\" class=\"big-learn-more-link \">Lire Plus<\/a>\n                    <\/div>\n                <\/div>\n                                <div class=\"service-card-big \" style=\"flex-direction:row\">\n                    <div class=\"service-card-big__img\" style=\"border-top-left-radius: 5px;border-bottom-left-radius: 5px;background-image:url(https:\/\/www.buonaliving.com\/wp-content\/uploads\/2020\/05\/Construction-Cleaning-1-1-1.jpg);\"><\/div>\n                    <div class=\"service-card-big__content is-light \">\n                        <div class=\"service-tags-container\">\n                            <a href=\"https:\/\/www.buonaliving.com\/fr\/services-residentiels\/reservez-un-nettoyage-apres-construction-et-renovation\/\" class=\"service-tag\">Prix en temps r\u00e9el<\/a>                        <\/div>\n                        <h2>Nettoyage apr\u00e8s construction et r\u00e9novation<\/h2>\n                        <p><p>Votre dernier projet de construction ou de r\u00e9novation est enfin termin\u00e9. Vous voulez seulement mettre les meubles en place, vous [&hellip;]<\/p>\n<br><\/p>\n                                                    <a href=\"https:\/\/www.buonaliving.com\/fr\/services-residentiels\/reservez-un-nettoyage-apres-construction-et-renovation\/\" class=\"c-button c-big-service-btn  is-light is--flush-left w-inline-block\">\n                                <div class=\"c-button__txt\">R\u00e9server en ligne<\/div>\n                                <i class=\"far fa-arrow-alt-circle-right c-button__icon\"><\/i>\n                            <\/a>\n                                                <a href=\"https:\/\/www.buonaliving.com\/fr\/services\/nettoyage-apres-construction-renovation\/\" class=\"big-learn-more-link \">Lire Plus<\/a>\n                    <\/div>\n                <\/div>\n                                <div class=\"service-card-big \" style=\"flex-direction:row\">\n                    <div class=\"service-card-big__img\" style=\"border-top-left-radius: 5px;border-bottom-left-radius: 5px;background-image:url(https:\/\/www.buonaliving.com\/wp-content\/uploads\/2021\/10\/handyman.jpg);\"><\/div>\n                    <div class=\"service-card-big__content is-light \">\n                        <div class=\"service-tags-container\">\n                            <a href=\"https:\/\/www.buonaliving.com\/fr\/services-residentiels\/reservez-un-homme-a-tout-faire\/\" class=\"service-tag\">Prix en temps r\u00e9el<\/a>                        <\/div>\n                        <h2>Homme \u00e0 tout faire<\/h2>\n                        <p><p>R\u00e9servez un homme \u00e0 tout faire R\u00e9servez en ligne&nbsp;ou appelez-nous au&nbsp;(514) 600-4411. Choisissez entre le service \u00c0 la Carte ou [&hellip;]<\/p>\n<br><\/p>\n                                                    <a href=\"https:\/\/www.buonaliving.com\/fr\/services-residentiels\/reservez-un-homme-a-tout-faire\/\" class=\"c-button c-big-service-btn  is-light is--flush-left w-inline-block\">\n                                <div class=\"c-button__txt\">R\u00e9server en ligne<\/div>\n                                <i class=\"far fa-arrow-alt-circle-right c-button__icon\"><\/i>\n                            <\/a>\n                                                <a href=\"https:\/\/www.buonaliving.com\/fr\/services\/homme-a-tout-faire\/\" class=\"big-learn-more-link \">Lire plus<\/a>\n                    <\/div>\n                <\/div>\n                                <div class=\"service-card-big \" style=\"flex-direction:row\">\n                    <div class=\"service-card-big__img\" style=\"border-top-left-radius: 5px;border-bottom-left-radius: 5px;background-image:url(https:\/\/www.buonaliving.com\/wp-content\/uploads\/2021\/12\/dog-walking-scaled.jpg);\"><\/div>\n                    <div class=\"service-card-big__content is-light \">\n                        <div class=\"service-tags-container\">\n                            <a href=\"https:\/\/www.buonaliving.com\/fr\/services-residentiels\/reservez-une-promenade-de-chien\/\" class=\"service-tag\">Prix en temps r\u00e9el<\/a>                        <\/div>\n                        <h2>Promenade de chien<\/h2>\n                        <p><br><\/p>\n                                                    <a href=\"https:\/\/www.buonaliving.com\/fr\/services-residentiels\/reservez-une-promenade-de-chien\/\" class=\"c-button c-big-service-btn  is-light is--flush-left w-inline-block\">\n                                <div class=\"c-button__txt\">R\u00e9server en ligne<\/div>\n                                <i class=\"far fa-arrow-alt-circle-right c-button__icon\"><\/i>\n                            <\/a>\n                                                <a href=\"https:\/\/www.buonaliving.com\/fr\/services\/promenade-de-chien\/\" class=\"big-learn-more-link \">Lire plus<\/a>\n                    <\/div>\n                <\/div>\n                                <div class=\"service-card-big \" style=\"flex-direction:row\">\n                    <div class=\"service-card-big__img\" style=\"border-top-left-radius: 5px;border-bottom-left-radius: 5px;background-image:url(https:\/\/www.buonaliving.com\/wp-content\/uploads\/2020\/05\/massage-scaled.jpg);\"><\/div>\n                    <div class=\"service-card-big__content is-light \">\n                        <div class=\"service-tags-container\">\n                            <a href=\"https:\/\/www.buonaliving.com\/fr\/services-residentiels\/reservez-un-massage\/\" class=\"service-tag\">Prix en temps r\u00e9el<\/a>                        <\/div>\n                        <h2>Massage<\/h2>\n                        <p><br><\/p>\n                                                    <a href=\"https:\/\/www.buonaliving.com\/fr\/services-residentiels\/reservez-un-massage\/\" class=\"c-button c-big-service-btn  is-light is--flush-left w-inline-block\">\n                                <div class=\"c-button__txt\">R\u00e9server en ligne<\/div>\n                                <i class=\"far fa-arrow-alt-circle-right c-button__icon\"><\/i>\n                            <\/a>\n                                                <a href=\"https:\/\/www.buonaliving.com\/fr\/services\/nettoyage-apres-construction-et-renovation\/\" class=\"big-learn-more-link \">Lire plus<\/a>\n                    <\/div>\n                <\/div>\n                                <div class=\"service-card-big \" style=\"flex-direction:row\">\n                    <div class=\"service-card-big__img\" style=\"border-top-left-radius: 5px;border-bottom-left-radius: 5px;background-image:url(https:\/\/www.buonaliving.com\/wp-content\/uploads\/2021\/10\/dry-cleaning.jpg);\"><\/div>\n                    <div class=\"service-card-big__content is-light \">\n                        <div class=\"service-tags-container\">\n                            <a href=\"https:\/\/www.buonaliving.com\/fr\/services-residentiels\/reservez-un-service-de-nettoyage-a-sec\/\" class=\"service-tag\">Prix en temps r\u00e9el<\/a>                        <\/div>\n                        <h2>Service de nettoyage \u00e0 sec<\/h2>\n                        <p><p>Planifiez un ramassage R\u00e9servez en ligne\u00a0ou appelez au\u00a0(514) 600-4411\u00a0pour planifier un ramassage et une livraison. Choisissez une de nos deux [&hellip;]<\/p>\n<br><\/p>\n                                                    <a href=\"https:\/\/www.buonaliving.com\/fr\/services-residentiels\/reservez-un-service-de-nettoyage-a-sec\/\" class=\"c-button c-big-service-btn  is-light is--flush-left w-inline-block\">\n                                <div class=\"c-button__txt\">R\u00e9server en ligne<\/div>\n                                <i class=\"far fa-arrow-alt-circle-right c-button__icon\"><\/i>\n                            <\/a>\n                                                <a href=\"https:\/\/www.buonaliving.com\/fr\/services\/nettoyage-a-sec-et-lessive-avec-ramassage\/\" class=\"big-learn-more-link \">Lire plus<\/a>\n                    <\/div>\n                <\/div>\n                        \n        <\/div>\n<\/div>\n","protected":false},"excerpt":{"rendered":"","protected":false},"author":5,"featured_media":3120,"parent":0,"menu_order":0,"comment_status":"closed","ping_status":"closed","template":"","meta":{"_uag_custom_page_level_css":"","footnotes":""},"class_list":["post-2857","page","type-page","status-publish","has-post-thumbnail","hentry"],"yoast_head":"<!-- This site is optimized with the Yoast SEO plugin v27.4 - https:\/\/yoast.com\/product\/yoast-seo-wordpress\/ -->\n<title>Services r\u00e9sidentiels - Buona Living<\/title>\n<meta name=\"robots\" content=\"index, follow, max-snippet:-1, max-image-preview:large, max-video-preview:-1\" \/>\n<link rel=\"canonical\" href=\"https:\/\/www.buonaliving.com\/fr\/services-residentiels\/\" \/>\n<meta property=\"og:locale\" content=\"fr_FR\" \/>\n<meta property=\"og:type\" content=\"article\" \/>\n<meta property=\"og:title\" content=\"Services r\u00e9sidentiels - Buona Living\" \/>\n<meta property=\"og:url\" content=\"https:\/\/www.buonaliving.com\/fr\/services-residentiels\/\" \/>\n<meta property=\"og:site_name\" content=\"Buona Living\" \/>\n<meta property=\"article:publisher\" content=\"https:\/\/www.facebook.com\/buonaliving\" \/>\n<meta property=\"article:modified_time\" content=\"2021-10-27T03:16:59+00:00\" \/>\n<meta property=\"og:image\" content=\"https:\/\/www.buonaliving.com\/wp-content\/uploads\/2021\/10\/pexels-curtis-adams-5178080-1.jpg\" \/>\n\t<meta property=\"og:image:width\" content=\"1920\" \/>\n\t<meta property=\"og:image:height\" content=\"1280\" \/>\n\t<meta property=\"og:image:type\" content=\"image\/jpeg\" \/>\n<meta name=\"twitter:card\" content=\"summary_large_image\" \/>\n<meta name=\"twitter:site\" content=\"@BuonaLiving\" \/>\n<script type=\"application\/ld+json\" class=\"yoast-schema-graph\">{\"@context\":\"https:\\\/\\\/schema.org\",\"@graph\":[{\"@type\":\"WebPage\",\"@id\":\"https:\\\/\\\/www.buonaliving.com\\\/fr\\\/services-residentiels\\\/\",\"url\":\"https:\\\/\\\/www.buonaliving.com\\\/fr\\\/services-residentiels\\\/\",\"name\":\"Services r\u00e9sidentiels - Buona Living\",\"isPartOf\":{\"@id\":\"https:\\\/\\\/www.buonaliving.com\\\/#website\"},\"primaryImageOfPage\":{\"@id\":\"https:\\\/\\\/www.buonaliving.com\\\/fr\\\/services-residentiels\\\/#primaryimage\"},\"image\":{\"@id\":\"https:\\\/\\\/www.buonaliving.com\\\/fr\\\/services-residentiels\\\/#primaryimage\"},\"thumbnailUrl\":\"https:\\\/\\\/www.buonaliving.com\\\/wp-content\\\/uploads\\\/2021\\\/10\\\/pexels-curtis-adams-5178080-1.jpg\",\"datePublished\":\"2020-05-21T03:17:37+00:00\",\"dateModified\":\"2021-10-27T03:16:59+00:00\",\"breadcrumb\":{\"@id\":\"https:\\\/\\\/www.buonaliving.com\\\/fr\\\/services-residentiels\\\/#breadcrumb\"},\"inLanguage\":\"fr-FR\",\"potentialAction\":[{\"@type\":\"ReadAction\",\"target\":[\"https:\\\/\\\/www.buonaliving.com\\\/fr\\\/services-residentiels\\\/\"]}]},{\"@type\":\"ImageObject\",\"inLanguage\":\"fr-FR\",\"@id\":\"https:\\\/\\\/www.buonaliving.com\\\/fr\\\/services-residentiels\\\/#primaryimage\",\"url\":\"https:\\\/\\\/www.buonaliving.com\\\/wp-content\\\/uploads\\\/2021\\\/10\\\/pexels-curtis-adams-5178080-1.jpg\",\"contentUrl\":\"https:\\\/\\\/www.buonaliving.com\\\/wp-content\\\/uploads\\\/2021\\\/10\\\/pexels-curtis-adams-5178080-1.jpg\",\"width\":1920,\"height\":1280},{\"@type\":\"BreadcrumbList\",\"@id\":\"https:\\\/\\\/www.buonaliving.com\\\/fr\\\/services-residentiels\\\/#breadcrumb\",\"itemListElement\":[{\"@type\":\"ListItem\",\"position\":1,\"name\":\"Home\",\"item\":\"https:\\\/\\\/www.buonaliving.com\\\/fr\\\/\"},{\"@type\":\"ListItem\",\"position\":2,\"name\":\"Services r\u00e9sidentiels\"}]},{\"@type\":\"WebSite\",\"@id\":\"https:\\\/\\\/www.buonaliving.com\\\/#website\",\"url\":\"https:\\\/\\\/www.buonaliving.com\\\/\",\"name\":\"Buona Living\",\"description\":\"Free up time for what matters most!\",\"publisher\":{\"@id\":\"https:\\\/\\\/www.buonaliving.com\\\/#organization\"},\"potentialAction\":[{\"@type\":\"SearchAction\",\"target\":{\"@type\":\"EntryPoint\",\"urlTemplate\":\"https:\\\/\\\/www.buonaliving.com\\\/?s={search_term_string}\"},\"query-input\":{\"@type\":\"PropertyValueSpecification\",\"valueRequired\":true,\"valueName\":\"search_term_string\"}}],\"inLanguage\":\"fr-FR\"},{\"@type\":\"Organization\",\"@id\":\"https:\\\/\\\/www.buonaliving.com\\\/#organization\",\"name\":\"Buona Living\",\"url\":\"https:\\\/\\\/www.buonaliving.com\\\/\",\"logo\":{\"@type\":\"ImageObject\",\"inLanguage\":\"fr-FR\",\"@id\":\"https:\\\/\\\/www.buonaliving.com\\\/#\\\/schema\\\/logo\\\/image\\\/\",\"url\":\"https:\\\/\\\/www.buonaliving.com\\\/wp-content\\\/uploads\\\/2021\\\/10\\\/logo.png\",\"contentUrl\":\"https:\\\/\\\/www.buonaliving.com\\\/wp-content\\\/uploads\\\/2021\\\/10\\\/logo.png\",\"width\":64,\"height\":64,\"caption\":\"Buona Living\"},\"image\":{\"@id\":\"https:\\\/\\\/www.buonaliving.com\\\/#\\\/schema\\\/logo\\\/image\\\/\"},\"sameAs\":[\"https:\\\/\\\/www.facebook.com\\\/buonaliving\",\"https:\\\/\\\/x.com\\\/BuonaLiving\",\"https:\\\/\\\/www.linkedin.com\\\/company\\\/buonaliving-inc\"]}]}<\/script>\n<!-- \/ Yoast SEO plugin. -->","yoast_head_json":{"title":"Services r\u00e9sidentiels - Buona Living","robots":{"index":"index","follow":"follow","max-snippet":"max-snippet:-1","max-image-preview":"max-image-preview:large","max-video-preview":"max-video-preview:-1"},"canonical":"https:\/\/www.buonaliving.com\/fr\/services-residentiels\/","og_locale":"fr_FR","og_type":"article","og_title":"Services r\u00e9sidentiels - Buona Living","og_url":"https:\/\/www.buonaliving.com\/fr\/services-residentiels\/","og_site_name":"Buona Living","article_publisher":"https:\/\/www.facebook.com\/buonaliving","article_modified_time":"2021-10-27T03:16:59+00:00","og_image":[{"width":1920,"height":1280,"url":"https:\/\/www.buonaliving.com\/wp-content\/uploads\/2021\/10\/pexels-curtis-adams-5178080-1.jpg","type":"image\/jpeg"}],"twitter_card":"summary_large_image","twitter_site":"@BuonaLiving","schema":{"@context":"https:\/\/schema.org","@graph":[{"@type":"WebPage","@id":"https:\/\/www.buonaliving.com\/fr\/services-residentiels\/","url":"https:\/\/www.buonaliving.com\/fr\/services-residentiels\/","name":"Services r\u00e9sidentiels - Buona Living","isPartOf":{"@id":"https:\/\/www.buonaliving.com\/#website"},"primaryImageOfPage":{"@id":"https:\/\/www.buonaliving.com\/fr\/services-residentiels\/#primaryimage"},"image":{"@id":"https:\/\/www.buonaliving.com\/fr\/services-residentiels\/#primaryimage"},"thumbnailUrl":"https:\/\/www.buonaliving.com\/wp-content\/uploads\/2021\/10\/pexels-curtis-adams-5178080-1.jpg","datePublished":"2020-05-21T03:17:37+00:00","dateModified":"2021-10-27T03:16:59+00:00","breadcrumb":{"@id":"https:\/\/www.buonaliving.com\/fr\/services-residentiels\/#breadcrumb"},"inLanguage":"fr-FR","potentialAction":[{"@type":"ReadAction","target":["https:\/\/www.buonaliving.com\/fr\/services-residentiels\/"]}]},{"@type":"ImageObject","inLanguage":"fr-FR","@id":"https:\/\/www.buonaliving.com\/fr\/services-residentiels\/#primaryimage","url":"https:\/\/www.buonaliving.com\/wp-content\/uploads\/2021\/10\/pexels-curtis-adams-5178080-1.jpg","contentUrl":"https:\/\/www.buonaliving.com\/wp-content\/uploads\/2021\/10\/pexels-curtis-adams-5178080-1.jpg","width":1920,"height":1280},{"@type":"BreadcrumbList","@id":"https:\/\/www.buonaliving.com\/fr\/services-residentiels\/#breadcrumb","itemListElement":[{"@type":"ListItem","position":1,"name":"Home","item":"https:\/\/www.buonaliving.com\/fr\/"},{"@type":"ListItem","position":2,"name":"Services r\u00e9sidentiels"}]},{"@type":"WebSite","@id":"https:\/\/www.buonaliving.com\/#website","url":"https:\/\/www.buonaliving.com\/","name":"Buona Living","description":"Free up time for what matters most!","publisher":{"@id":"https:\/\/www.buonaliving.com\/#organization"},"potentialAction":[{"@type":"SearchAction","target":{"@type":"EntryPoint","urlTemplate":"https:\/\/www.buonaliving.com\/?s={search_term_string}"},"query-input":{"@type":"PropertyValueSpecification","valueRequired":true,"valueName":"search_term_string"}}],"inLanguage":"fr-FR"},{"@type":"Organization","@id":"https:\/\/www.buonaliving.com\/#organization","name":"Buona Living","url":"https:\/\/www.buonaliving.com\/","logo":{"@type":"ImageObject","inLanguage":"fr-FR","@id":"https:\/\/www.buonaliving.com\/#\/schema\/logo\/image\/","url":"https:\/\/www.buonaliving.com\/wp-content\/uploads\/2021\/10\/logo.png","contentUrl":"https:\/\/www.buonaliving.com\/wp-content\/uploads\/2021\/10\/logo.png","width":64,"height":64,"caption":"Buona Living"},"image":{"@id":"https:\/\/www.buonaliving.com\/#\/schema\/logo\/image\/"},"sameAs":["https:\/\/www.facebook.com\/buonaliving","https:\/\/x.com\/BuonaLiving","https:\/\/www.linkedin.com\/company\/buonaliving-inc"]}]}},"uagb_featured_image_src":{"full":["https:\/\/www.buonaliving.com\/wp-content\/uploads\/2021\/10\/pexels-curtis-adams-5178080-1.jpg",1920,1280,false],"thumbnail":["https:\/\/www.buonaliving.com\/wp-content\/uploads\/2021\/10\/pexels-curtis-adams-5178080-1-150x150.jpg",150,150,true],"medium":["https:\/\/www.buonaliving.com\/wp-content\/uploads\/2021\/10\/pexels-curtis-adams-5178080-1-300x200.jpg",300,200,true],"medium_large":["https:\/\/www.buonaliving.com\/wp-content\/uploads\/2021\/10\/pexels-curtis-adams-5178080-1-768x512.jpg",768,512,true],"large":["https:\/\/www.buonaliving.com\/wp-content\/uploads\/2021\/10\/pexels-curtis-adams-5178080-1-1024x683.jpg",1024,683,true],"1536x1536":["https:\/\/www.buonaliving.com\/wp-content\/uploads\/2021\/10\/pexels-curtis-adams-5178080-1-1536x1024.jpg",1536,1024,true],"2048x2048":["https:\/\/www.buonaliving.com\/wp-content\/uploads\/2021\/10\/pexels-curtis-adams-5178080-1.jpg",1920,1280,false]},"uagb_author_info":{"display_name":"podiumio","author_link":"https:\/\/www.buonaliving.com\/fr\/author\/podiumio\/"},"uagb_comment_info":0,"uagb_excerpt":null,"acf":[],"_links":{"self":[{"href":"https:\/\/www.buonaliving.com\/fr\/wp-json\/wp\/v2\/pages\/2857","targetHints":{"allow":["GET"]}}],"collection":[{"href":"https:\/\/www.buonaliving.com\/fr\/wp-json\/wp\/v2\/pages"}],"about":[{"href":"https:\/\/www.buonaliving.com\/fr\/wp-json\/wp\/v2\/types\/page"}],"author":[{"embeddable":true,"href":"https:\/\/www.buonaliving.com\/fr\/wp-json\/wp\/v2\/users\/5"}],"replies":[{"embeddable":true,"href":"https:\/\/www.buonaliving.com\/fr\/wp-json\/wp\/v2\/comments?post=2857"}],"version-history":[{"count":4,"href":"https:\/\/www.buonaliving.com\/fr\/wp-json\/wp\/v2\/pages\/2857\/revisions"}],"predecessor-version":[{"id":2987,"href":"https:\/\/www.buonaliving.com\/fr\/wp-json\/wp\/v2\/pages\/2857\/revisions\/2987"}],"wp:featuredmedia":[{"embeddable":true,"href":"https:\/\/www.buonaliving.com\/fr\/wp-json\/wp\/v2\/media\/3120"}],"wp:attachment":[{"href":"https:\/\/www.buonaliving.com\/fr\/wp-json\/wp\/v2\/media?parent=2857"}],"curies":[{"name":"wp","href":"https:\/\/api.w.org\/{rel}","templated":true}]}}